{"id":23,"date":"2015-09-30T19:47:34","date_gmt":"2015-09-30T18:47:34","guid":{"rendered":"http:\/\/www.virtual-megan.com\/?page_id=23"},"modified":"2019-02-28T22:18:59","modified_gmt":"2019-02-28T21:18:59","slug":"contact","status":"publish","type":"page","link":"http:\/\/www.virtual-megan.com\/nl\/contact","title":{"rendered":"Contact"},"content":{"rendered":"<p>Le d\u00e9veloppement web du jeu a \u00e9t\u00e9 r\u00e9alis\u00e9 par la soci\u00e9t\u00e9 de consultance en d\u00e9veloppement\u00a0<a href=\"http:\/\/www.bug-concept.com\">Bug Concept<\/a>. Contacter le webmaster : <span style=\"font-weight: 400;\">virtualmegan arobace gmail point com<\/span><\/p>\n","protected":false},"excerpt":{"rendered":"<p>Le d\u00e9veloppement web du jeu a \u00e9t\u00e9 r\u00e9alis\u00e9 par la soci\u00e9t\u00e9 de consultance en d\u00e9veloppement\u00a0Bug Concept. Contacter le webmaster : virtualmegan arobace gmail point com<\/p>\n","protected":false},"author":1,"featured_media":0,"parent":0,"menu_order":0,"comment_status":"closed","ping_status":"closed","template":"","meta":[],"translation":{"provider":"WPGlobus","version":"2.10.10","language":"nl","enabled_languages":["fr","nl","en"],"languages":{"fr":{"title":true,"content":true,"excerpt":false},"nl":{"title":false,"content":false,"excerpt":false},"en":{"title":false,"content":true,"excerpt":false}}},"yoast_head":"<!-- This site is optimized with the Yoast SEO plugin v20.1 - https:\/\/yoast.com\/wordpress\/plugins\/seo\/ -->\n<title>Contacter l&#039;\u00e9quipe Virtual-Megan<\/title>\n<meta name=\"robots\" content=\"index, follow, max-snippet:-1, max-image-preview:large, max-video-preview:-1\" \/>\n<link rel=\"canonical\" href=\"http:\/\/www.virtual-megan.com\/nl\/contact\" \/>\n<meta property=\"og:locale\" content=\"nl_NL\" \/>\n<meta property=\"og:type\" content=\"article\" \/>\n<meta property=\"og:title\" content=\"Contacter l&#039;\u00e9quipe Virtual-Megan\" \/>\n<meta property=\"og:url\" content=\"http:\/\/www.virtual-megan.com\/nl\/contact\" \/>\n<meta property=\"og:site_name\" content=\"Virtual Megan\" \/>\n<meta property=\"article:modified_time\" content=\"2019-02-28T21:18:59+00:00\" \/>\n<meta name=\"twitter:card\" content=\"summary_large_image\" \/>\n<script type=\"application\/ld+json\" class=\"yoast-schema-graph\">{\"@context\":\"https:\/\/schema.org\",\"@graph\":[{\"@type\":\"WebPage\",\"@id\":\"http:\/\/www.virtual-megan.com\/nl\/contact\",\"url\":\"http:\/\/www.virtual-megan.com\/nl\/contact\",\"name\":\"Contact - Virtual Megan\",\"isPartOf\":{\"@id\":\"http:\/\/www.virtual-megan.com\/#website\"},\"datePublished\":\"2015-09-30T18:47:34+00:00\",\"dateModified\":\"2019-02-28T21:18:59+00:00\",\"description\":\"Contactez l'\u00e9quipe de Virtual-Megan pour toutes vos questions ou remarques. Nous nous ferons un plaisir de r\u00e9pondre rapidement.\",\"breadcrumb\":{\"@id\":\"http:\/\/www.virtual-megan.com\/nl\/contact#breadcrumb\"},\"inLanguage\":\"nl-NL\",\"potentialAction\":[{\"@type\":\"ReadAction\",\"target\":[\"http:\/\/www.virtual-megan.com\/nl\/contact\"]}]},{\"@type\":\"BreadcrumbList\",\"@id\":\"http:\/\/www.virtual-megan.com\/nl\/contact#breadcrumb\",\"itemListElement\":[{\"@type\":\"ListItem\",\"position\":1,\"name\":\"Accueil\",\"item\":\"http:\/\/www.virtual-megan.com\/\"},{\"@type\":\"ListItem\",\"position\":2,\"name\":\"Contact\"}]},{\"@type\":\"WebSite\",\"@id\":\"http:\/\/www.virtual-megan.com\/#website\",\"url\":\"http:\/\/www.virtual-megan.com\/\",\"name\":\"Virtual Megan\",\"description\":\"Vous avez le contr\u00f4le.\",\"potentialAction\":[{\"@type\":\"SearchAction\",\"target\":{\"@type\":\"EntryPoint\",\"urlTemplate\":\"http:\/\/www.virtual-megan.com\/?s={search_term_string}\"},\"query-input\":\"required name=search_term_string\"}],\"inLanguage\":\"nl-NL\"}]}<\/script>\n<!-- \/ Yoast SEO plugin. -->","yoast_head_json":{"title":"Contacter l'\u00e9quipe Virtual-Megan","robots":{"index":"index","follow":"follow","max-snippet":"max-snippet:-1","max-image-preview":"max-image-preview:large","max-video-preview":"max-video-preview:-1"},"canonical":"http:\/\/www.virtual-megan.com\/nl\/contact","og_locale":"nl_NL","og_type":"article","og_title":"Contacter l'\u00e9quipe Virtual-Megan","og_url":"http:\/\/www.virtual-megan.com\/nl\/contact","og_site_name":"Virtual Megan","article_modified_time":"2019-02-28T21:18:59+00:00","twitter_card":"summary_large_image","schema":{"@context":"https:\/\/schema.org","@graph":[{"@type":"WebPage","@id":"http:\/\/www.virtual-megan.com\/nl\/contact","url":"http:\/\/www.virtual-megan.com\/nl\/contact","name":"Contact - Virtual Megan","isPartOf":{"@id":"http:\/\/www.virtual-megan.com\/#website"},"datePublished":"2015-09-30T18:47:34+00:00","dateModified":"2019-02-28T21:18:59+00:00","description":"Contactez l'\u00e9quipe de Virtual-Megan pour toutes vos questions ou remarques. Nous nous ferons un plaisir de r\u00e9pondre rapidement.","breadcrumb":{"@id":"http:\/\/www.virtual-megan.com\/nl\/contact#breadcrumb"},"inLanguage":"nl-NL","potentialAction":[{"@type":"ReadAction","target":["http:\/\/www.virtual-megan.com\/nl\/contact"]}]},{"@type":"BreadcrumbList","@id":"http:\/\/www.virtual-megan.com\/nl\/contact#breadcrumb","itemListElement":[{"@type":"ListItem","position":1,"name":"Accueil","item":"http:\/\/www.virtual-megan.com\/"},{"@type":"ListItem","position":2,"name":"Contact"}]},{"@type":"WebSite","@id":"http:\/\/www.virtual-megan.com\/#website","url":"http:\/\/www.virtual-megan.com\/","name":"Virtual Megan","description":"Vous avez le contr\u00f4le.","potentialAction":[{"@type":"SearchAction","target":{"@type":"EntryPoint","urlTemplate":"http:\/\/www.virtual-megan.com\/?s={search_term_string}"},"query-input":"required name=search_term_string"}],"inLanguage":"nl-NL"}]}},"_links":{"self":[{"href":"http:\/\/www.virtual-megan.com\/nl\/wp-json\/wp\/v2\/pages\/23"}],"collection":[{"href":"http:\/\/www.virtual-megan.com\/nl\/wp-json\/wp\/v2\/pages"}],"about":[{"href":"http:\/\/www.virtual-megan.com\/nl\/wp-json\/wp\/v2\/types\/page"}],"author":[{"embeddable":true,"href":"http:\/\/www.virtual-megan.com\/nl\/wp-json\/wp\/v2\/users\/1"}],"replies":[{"embeddable":true,"href":"http:\/\/www.virtual-megan.com\/nl\/wp-json\/wp\/v2\/comments?post=23"}],"version-history":[{"count":9,"href":"http:\/\/www.virtual-megan.com\/nl\/wp-json\/wp\/v2\/pages\/23\/revisions"}],"predecessor-version":[{"id":226,"href":"http:\/\/www.virtual-megan.com\/nl\/wp-json\/wp\/v2\/pages\/23\/revisions\/226"}],"wp:attachment":[{"href":"http:\/\/www.virtual-megan.com\/nl\/wp-json\/wp\/v2\/media?parent=23"}],"curies":[{"name":"wp","href":"https:\/\/api.w.org\/{rel}","templated":true}]}}